{"id":1312,"date":"2015-10-27T15:03:01","date_gmt":"2015-10-27T15:03:01","guid":{"rendered":"https:\/\/startit.qodeinteractive.com\/?page_id=1312"},"modified":"2025-02-11T20:36:02","modified_gmt":"2025-02-11T20:36:02","slug":"smart-home","status":"publish","type":"page","link":"https:\/\/smarthomerzeszow.pl\/?page_id=1312","title":{"rendered":""},"content":{"rendered":"<p>[vc_row content_width=&#8221;grid&#8221; header_style=&#8221;qodef-light-header&#8221;][vc_column css=&#8221;.vc_custom_1674668132969{padding-top: 20px !important;}&#8221;][vc_column_text css_animation=&#8221;none&#8221;]System Smart Home jest po\u0142\u0105czeniem odpowiednio wykonanej instalacji elektrycznej budynku z pe\u0142ni skomputeryzowanym, zaprogramowanym systemem steruj\u0105cym inteligentnego budynku.<\/p>\n<p>&nbsp;<\/p>\n<p><strong>Dzi\u0119ki instalacji Smart Home, nie trzeba d\u0142u\u017cej pami\u0119ta\u0107 o wielu czynno\u015bciach, do kt\u00f3ry.<\/strong> Takich jak zapalania i gaszenia \u015bwiat\u0142a, ustawienia temperatury ogrzewania, uruchomienia klimatyzatora w upalne dni, zmieni\u0107 wydajno\u015b\u0107 wentylacji mechanicznej, w\u0142\u0105czy\u0107\/wy\u0142\u0105czy\u0107 o\u015bwietlenie zewn\u0119trzne, o\u015bwietlenie ogrodu, podla\u0107 trawnik\/grz\u0105dki, zamkn\u0105\u0107 rolety po kolei w ka\u017cdym pomieszczeniu, sprawdzi\u0107 czy wszystkie okna s\u0105 zamkni\u0119te zanim opu\u015bcimy dom, itp.<\/p>\n<p>&nbsp;<\/p>\n<p><strong>Rolety zewn\u0119trze jak i wewn\u0119trzne podnios\u0105 si\u0119 i opuszcz\u0105 automatycznie, o dowolnej porze dnia, wed\u0142ug zaprogramowanego harmonogramu,czy te\u017c o wschodzie i zachodzie s\u0142o\u0144ca<\/strong>.<\/p>\n<p>&nbsp;<\/p>\n<p>Co wi\u0119cej, rolety okienne mo\u017cna zintegrowa\u0107 z systemem pogodowym, alarmowym czy budzikiem. W sytuacji gdy nie ma nas w domu, a podczas s\u0142onecznego dnia wyst\u0105pi\u0142 ulewny deszcz, system, automatycznie zamknie rolet\u0119 lub okno. System powiadomi nas o zaistnia\u0142ym zdarzeniu powiadomieniem SMS lub w aplikacji na smartfonie.<\/p>\n<p>System, bazuj\u0105c na po\u0142o\u017ceniu geograficznym domu, pory roku oraz wysoko\u015bci s\u0142o\u0144ca w danym dniu, b\u0119dzie przymyka\u0142 delikatnie lamelki rolet pod k\u0105tem, przez kt\u00f3ry promienie s\u0142oneczne nie b\u0119d\u0105 d\u0142u\u017cej nagrzewa\u0107 przeszklonego budynku.<\/p>\n<p>&nbsp;<\/p>\n<p><strong>Budzik systemu Smart Home mo\u017cemy po\u0142\u0105czy\u0107 z automatycznym podniesieniem si\u0119 rolet w celu powolnego wybudzenia dzieci ze snu, dodatkowo, w\u0142\u0105czy si\u0119 spokojna muzyka, kt\u00f3ra wraz z up\u0142ywaj\u0105cym czasem b\u0119dzie coraz g\u0142o\u015bniejsza.<\/strong><\/p>\n<p>&nbsp;<\/p>\n<p><strong>W czasie pory nocnej, system prze\u0142\u0105cza si\u0119 w odpowiednio skonfigurowany tryb Noc<\/strong>.<\/p>\n<p>System automatycznie sprawdzi czy bramy wjazdowe s\u0105 zamkni\u0119te, zamknie drzwi zewn\u0119trzne, a dzi\u0119ki zainstalowanym czujnikom ruchu<strong>, gdy system wykryje ruch w pomieszczeniach, za\u0142\u0105czy delikatne, przygaszone o\u015bwietlenie<\/strong>.<\/p>\n<p>&nbsp;<\/p>\n<p>Gdy niemowl\u0119 zacznie p\u0142aka\u0107, rodzic nie b\u0119dzie musia\u0142 za ka\u017cdym razem biec do sypialni dziecka, system po wykryciu d\u017awi\u0119ku p\u0142acz\u0105cego dziecka, za\u0142\u0105czy niewielk\u0105 lampk\u0119, aby dziecko poczu\u0142o si\u0119 bezpiecznie, mo\u017ce te\u017c w\u0142\u0105czy\u0107 spokojn\u0105 muzyk\u0119 umilaj\u0105c ponowne za\u015bni\u0119cie.<\/p>\n<p>&nbsp;<\/p>\n<p><strong>System Smart Home to r\u00f3wnie\u017c du\u017ce oszcz\u0119dno\u015bci zwi\u0105zane z zu\u017cywan\u0105 energi\u0105 elektryczn\u0105<\/strong>.<\/p>\n<p>System automatycznie wy\u0142\u0105czy \u015bwiat\u0142o w pomieszczeniu, w kt\u00f3rym od d\u0142u\u017cszego czasu nikt nie przebywa.<\/p>\n<p>&nbsp;<\/p>\n<p>Na\u0142aduje samoch\u00f3d elektryczny podczas nadwy\u017cki energetycznej czy zagrzeje wod\u0119 do k\u0105pieli.<\/p>\n<p>&nbsp;<\/p>\n<p><strong>Podczas upalnych dni, system automatycznie uruchomi klimatyzacj\u0119 zapewniaj\u0105c w\u0142a\u015bciwy komfort.<\/strong><\/p>\n<p>&nbsp;<\/p>\n<p><strong>System Smart Home to nie tylko sterowanie roletami czy o\u015bwietleniem, system ten mo\u017ce si\u0119 nauczy\u0107 komunikowa\u0107 z innymi urz\u0105dzeniami<\/strong> jak np. Telewizor, wzmacniacz kina domowego, ekran projektora, radioodbiornik, itp. Jest mo\u017cliwe zast\u0105pienie kilkunastu oddzielnych pilot\u00f3w w jeden, a nawet ca\u0142kowita rezygnacja na rzecz intuicyjnej aplikacji. B\u0119d\u0105c przy tematyce wypoczynku i telewizji, u\u017cytkownik mo\u017ce za pomoc\u0105 jednego przycisku wykona\u0107 sekwencje polece\u0144, np. wy\u0142\u0105cz \u015bwiat\u0142o g\u0142\u00f3wne, za\u0142\u0105cz o\u015bwietlenie dekoracyjne, opu\u015b\u0107 rolety okienne, uruchom urz\u0105dzenia multimedialne, kino domowe, uruchom telewizor itp.<\/p>\n<p>&nbsp;<\/p>\n<p><strong>Aby u\u0142atwi\u0107 Ci wyb\u00f3r, zebrali\u015bmy poszczeg\u00f3lne funkcje w pakiety.<br \/>\n<\/strong>[\/vc_column_text][\/vc_column][\/vc_row][vc_row content_width=&#8221;grid&#8221; css=&#8221;.vc_custom_1674660540356{padding-top: 20px !important;padding-bottom: 20px !important;}&#8221;][vc_column][vc_column_text]<\/p>\n<h3>Pakiet Clever<\/h3>\n<p>[\/vc_column_text][vc_empty_space height=&#8221;10px&#8221;][vc_column_text]Pakiet Silver to mocne wej\u015bcie w automatyk\u0119 budynkow\u0105.<\/p>\n<p>&nbsp;<\/p>\n<p>Poznajesz mo\u017cliwo\u015bci systemu, kt\u00f3re w przysz\u0142o\u015bci mo\u017cesz rozbudowa\u0107 o kolejne podzespo\u0142y.<\/p>\n<p>&nbsp;<\/p>\n<p>Pakiet Silver to r\u00f3wnie\u017c ekonomiczna wersja inteligentnego domu. Dobra na pocz\u0105tek, kiedy nie masz jeszcze sprecyzowanych potrzeb.[\/vc_column_text][vc_empty_space height=&#8221;5px&#8221;][\/vc_column][\/vc_row][vc_row content_width=&#8221;grid&#8221; css=&#8221;.vc_custom_1674660540356{padding-top: 20px !important;padding-bottom: 20px !important;}&#8221;][vc_column][vc_column_text]<\/p>\n<h3>Pakiet Premium<\/h3>\n<p>[\/vc_column_text][vc_empty_space height=&#8221;10px&#8221;][vc_column_text]<\/p>\n<div class=\"wpb_text_column wpb_content_element \">\n<div class=\"wpb_wrapper\">\n<p>Pakiet Gold to zaawansowana automatyka budynkowa.<\/p>\n<p>&nbsp;<\/p>\n<p>W ramach Inteligentnego domu zyskujesz integracj\u0119 wielu urz\u0105dze\u0144, r\u00f3\u017cnych producent\u00f3w, w jeden, nowoczesny i intuicyjny system.<\/p>\n<p>&nbsp;<\/p>\n<p>Z poziomu jednej aplikacji mo\u017cesz zarz\u0105dza\u0107 m.in rekuperacj\u0105, pomp\u0105 ciep\u0142a, klimatyzacj\u0105, sprz\u0119tem multimedialnym, zarz\u0105dza\u0107 strefami audio w budynku.<\/p>\n<\/div>\n<\/div>\n<p>[\/vc_column_text][vc_empty_space height=&#8221;5px&#8221;][\/vc_column][\/vc_row][vc_row content_width=&#8221;grid&#8221; css=&#8221;.vc_custom_1674660540356{padding-top: 20px !important;padding-bottom: 20px !important;}&#8221;][vc_column][vc_column_text]<\/p>\n<h3>Pakiet Exclusive<\/h3>\n<p>[\/vc_column_text][vc_empty_space height=&#8221;10px&#8221;][vc_column_text]<\/p>\n<div class=\"wpb_text_column wpb_content_element \">\n<div class=\"wpb_wrapper\">\n<p>Pakiet Platinium to najwy\u017cszy kunszt w automatyce budynkowej.<\/p>\n<p>W ramach Inteligentnego domu zyskujesz wysoki komfort \u017cycia i bezpiecze\u0144stwo Twoich bliskich.<\/p>\n<p>&nbsp;<\/p>\n<p>Pakiet Platinium to jeszcze bardziej rozbudowany Gold.<\/p>\n<p>&nbsp;<\/p>\n<p>Pakiet Platinium to m.in. sterowanie jacuzzi, saun\u0105, grzaniem wody w basenie, skomplikowane operacje logiczne uwzgl\u0119dniaj\u0105ce ci\u0105g wydarze\u0144\/odczyt\u00f3w\/pomiar\u00f3w w celu osi\u0105gni\u0119cia celu, zarz\u0105dzanie magazynem energii czy stacj\u0105 \u0142adowania pojazdu \u2026i wiele innych.<\/p>\n<\/div>\n<\/div>\n<p>[\/vc_column_text][vc_empty_space height=&#8221;5px&#8221;][\/vc_column][\/vc_row][vc_row content_width=&#8221;grid&#8221; content_aligment=&#8221;center&#8221; css=&#8221;.vc_custom_1446198207935{padding-top: 65px !important;padding-bottom: 65px !important;}&#8221;][vc_column offset=&#8221;vc_col-lg-offset-2 vc_col-lg-8&#8243;][vc_column_text]Nie jest to jednak sztywny podzia\u0142. Instalacje inteligentnego budynku zawsze dopasowujemy pod Twoje wymagania i potrzeby, a zaproponowany podzia\u0142 s\u0142u\u017cy przede wszystkim zobrazowaniu mo\u017cliwo\u015bci.[\/vc_column_text][vc_empty_space height=&#8221;16px&#8221;][vc_column_text][\/vc_column_text][\/vc_column][\/vc_row][vc_row content_width=&#8221;grid&#8221; css=&#8221;.vc_custom_1446198201288{padding-bottom: 30px !important;}&#8221;][vc_column width=&#8221;1\/3&#8243;]<div class=\"qodef-icon-list-item\">\n\t<div class=\"qodef-icon-list-icon-holder\">\n        <div class=\"qodef-icon-list-icon-holder-inner clearfix\">\n\t\t\t<i class=\"qodef-icon-font-awesome fa  \" style=\"font-size:14px\" ><\/i>\t\t<\/div>\n\t<\/div>\n\t<p class=\"qodef-icon-list-text\" style=\"font-size:30px\" > Clever<\/p>\n<\/div><div class=\"qodef-icon-list-item\">\n\t<div class=\"qodef-icon-list-icon-holder\">\n        <div class=\"qodef-icon-list-icon-holder-inner clearfix\">\n\t\t\t<i class=\"qodef-icon-font-awesome fa fa-check-circle \" style=\"font-size:14px\" ><\/i>\t\t<\/div>\n\t<\/div>\n\t<p class=\"qodef-icon-list-text\"  > Sterowanie o\u015bwietleniem<\/p>\n<\/div><div class=\"qodef-icon-list-item\">\n\t<div class=\"qodef-icon-list-icon-holder\">\n        <div class=\"qodef-icon-list-icon-holder-inner clearfix\">\n\t\t\t<i class=\"qodef-icon-font-awesome fa fa-check-circle \" style=\"font-size:14px\" ><\/i>\t\t<\/div>\n\t<\/div>\n\t<p class=\"qodef-icon-list-text\"  > Sterowanie ogrzewaniem<\/p>\n<\/div><div class=\"qodef-icon-list-item\">\n\t<div class=\"qodef-icon-list-icon-holder\">\n        <div class=\"qodef-icon-list-icon-holder-inner clearfix\">\n\t\t\t<i class=\"qodef-icon-font-awesome fa fa-check-circle \" style=\"font-size:14px\" ><\/i>\t\t<\/div>\n\t<\/div>\n\t<p class=\"qodef-icon-list-text\"  > Sterowanie roletami i \u017caluzjami<\/p>\n<\/div><div class=\"qodef-icon-list-item\">\n\t<div class=\"qodef-icon-list-icon-holder\">\n        <div class=\"qodef-icon-list-icon-holder-inner clearfix\">\n\t\t\t<i class=\"qodef-icon-font-awesome fa fa-check-circle \" style=\"font-size:14px\" ><\/i>\t\t<\/div>\n\t<\/div>\n\t<p class=\"qodef-icon-list-text\"  > Podstawowa logika sterowania budynkiem<\/p>\n<\/div><div class=\"qodef-icon-list-item\">\n\t<div class=\"qodef-icon-list-icon-holder\">\n        <div class=\"qodef-icon-list-icon-holder-inner clearfix\">\n\t\t\t<i class=\"qodef-icon-font-awesome fa fa-check-circle \" style=\"font-size:14px\" ><\/i>\t\t<\/div>\n\t<\/div>\n\t<p class=\"qodef-icon-list-text\"  > Aplikacja mobilna<\/p>\n<\/div>[vc_empty_space height=&#8221;40px&#8221;][\/vc_column][vc_column width=&#8221;1\/3&#8243;]<div class=\"qodef-icon-list-item\">\n\t<div class=\"qodef-icon-list-icon-holder\">\n        <div class=\"qodef-icon-list-icon-holder-inner clearfix\">\n\t\t\t<i class=\"qodef-icon-font-awesome fa  \" style=\"font-size:14px\" ><\/i>\t\t<\/div>\n\t<\/div>\n\t<p class=\"qodef-icon-list-text\" style=\"font-size:30px\" > Premium<\/p>\n<\/div><div class=\"qodef-icon-list-item\">\n\t<div class=\"qodef-icon-list-icon-holder\">\n        <div class=\"qodef-icon-list-icon-holder-inner clearfix\">\n\t\t\t<i class=\"qodef-icon-font-awesome fa fa-check-circle \" style=\"font-size:14px\" ><\/i>\t\t<\/div>\n\t<\/div>\n\t<p class=\"qodef-icon-list-text\"  > Sterowanie o\u015bwietleniem<\/p>\n<\/div><div class=\"qodef-icon-list-item\">\n\t<div class=\"qodef-icon-list-icon-holder\">\n        <div class=\"qodef-icon-list-icon-holder-inner clearfix\">\n\t\t\t<i class=\"qodef-icon-font-awesome fa fa-check-circle \" style=\"font-size:14px\" ><\/i>\t\t<\/div>\n\t<\/div>\n\t<p class=\"qodef-icon-list-text\"  > Zawansowane sterowanie ogrzewaniem<\/p>\n<\/div><div class=\"qodef-icon-list-item\">\n\t<div class=\"qodef-icon-list-icon-holder\">\n        <div class=\"qodef-icon-list-icon-holder-inner clearfix\">\n\t\t\t<i class=\"qodef-icon-font-awesome fa fa-check-circle \" style=\"font-size:14px\" ><\/i>\t\t<\/div>\n\t<\/div>\n\t<p class=\"qodef-icon-list-text\"  > Sterowanie roletami i \u017caluzjami<\/p>\n<\/div><div class=\"qodef-icon-list-item\">\n\t<div class=\"qodef-icon-list-icon-holder\">\n        <div class=\"qodef-icon-list-icon-holder-inner clearfix\">\n\t\t\t<i class=\"qodef-icon-font-awesome fa fa-check-circle \" style=\"font-size:14px\" ><\/i>\t\t<\/div>\n\t<\/div>\n\t<p class=\"qodef-icon-list-text\"  > Zaawansowana logika sterowania budynkiem<\/p>\n<\/div><div class=\"qodef-icon-list-item\">\n\t<div class=\"qodef-icon-list-icon-holder\">\n        <div class=\"qodef-icon-list-icon-holder-inner clearfix\">\n\t\t\t<i class=\"qodef-icon-font-awesome fa fa-check-circle \" style=\"font-size:14px\" ><\/i>\t\t<\/div>\n\t<\/div>\n\t<p class=\"qodef-icon-list-text\"  > Aplikacja mobilna<\/p>\n<\/div><div class=\"qodef-icon-list-item\">\n\t<div class=\"qodef-icon-list-icon-holder\">\n        <div class=\"qodef-icon-list-icon-holder-inner clearfix\">\n\t\t\t<i class=\"qodef-icon-font-awesome fa fa-check-circle \" style=\"font-size:14px\" ><\/i>\t\t<\/div>\n\t<\/div>\n\t<p class=\"qodef-icon-list-text\"  > Integracja sterowania wentylacj\u0105<\/p>\n<\/div><div class=\"qodef-icon-list-item\">\n\t<div class=\"qodef-icon-list-icon-holder\">\n        <div class=\"qodef-icon-list-icon-holder-inner clearfix\">\n\t\t\t<i class=\"qodef-icon-font-awesome fa fa-check-circle \" style=\"font-size:14px\" ><\/i>\t\t<\/div>\n\t<\/div>\n\t<p class=\"qodef-icon-list-text\"  > Integracja sterowania klimatyzacj\u0105<\/p>\n<\/div><div class=\"qodef-icon-list-item\">\n\t<div class=\"qodef-icon-list-icon-holder\">\n        <div class=\"qodef-icon-list-icon-holder-inner clearfix\">\n\t\t\t<i class=\"qodef-icon-font-awesome fa fa-check-circle \" style=\"font-size:14px\" ><\/i>\t\t<\/div>\n\t<\/div>\n\t<p class=\"qodef-icon-list-text\"  > Stacja pogodowa<\/p>\n<\/div><div class=\"qodef-icon-list-item\">\n\t<div class=\"qodef-icon-list-icon-holder\">\n        <div class=\"qodef-icon-list-icon-holder-inner clearfix\">\n\t\t\t<i class=\"qodef-icon-font-awesome fa fa-check-circle \" style=\"font-size:14px\" ><\/i>\t\t<\/div>\n\t<\/div>\n\t<p class=\"qodef-icon-list-text\"  > Audioserver + strefy audio<\/p>\n<\/div><div class=\"qodef-icon-list-item\">\n\t<div class=\"qodef-icon-list-icon-holder\">\n        <div class=\"qodef-icon-list-icon-holder-inner clearfix\">\n\t\t\t<i class=\"qodef-icon-font-awesome fa fa-check-circle \" style=\"font-size:14px\" ><\/i>\t\t<\/div>\n\t<\/div>\n\t<p class=\"qodef-icon-list-text\"  > Sterowanie kinem domowym<\/p>\n<\/div><div class=\"qodef-icon-list-item\">\n\t<div class=\"qodef-icon-list-icon-holder\">\n        <div class=\"qodef-icon-list-icon-holder-inner clearfix\">\n\t\t\t<i class=\"qodef-icon-font-awesome fa fa-check-circle \" style=\"font-size:14px\" ><\/i>\t\t<\/div>\n\t<\/div>\n\t<p class=\"qodef-icon-list-text\"  > Powiadomienia SMS<\/p>\n<\/div>[vc_empty_space height=&#8221;40px&#8221;][\/vc_column][vc_column width=&#8221;1\/3&#8243;]<div class=\"qodef-icon-list-item\">\n\t<div class=\"qodef-icon-list-icon-holder\">\n        <div class=\"qodef-icon-list-icon-holder-inner clearfix\">\n\t\t\t<i class=\"qodef-icon-font-awesome fa  \" style=\"font-size:14px\" ><\/i>\t\t<\/div>\n\t<\/div>\n\t<p class=\"qodef-icon-list-text\" style=\"font-size:30px\" > Exclusive<\/p>\n<\/div><div class=\"qodef-icon-list-item\">\n\t<div class=\"qodef-icon-list-icon-holder\">\n        <div class=\"qodef-icon-list-icon-holder-inner clearfix\">\n\t\t\t<i class=\"qodef-icon-font-awesome fa fa-check-circle \" style=\"font-size:14px\" ><\/i>\t\t<\/div>\n\t<\/div>\n\t<p class=\"qodef-icon-list-text\"  > Sterowanie o\u015bwietleniem<\/p>\n<\/div><div class=\"qodef-icon-list-item\">\n\t<div class=\"qodef-icon-list-icon-holder\">\n        <div class=\"qodef-icon-list-icon-holder-inner clearfix\">\n\t\t\t<i class=\"qodef-icon-font-awesome fa fa-check-circle \" style=\"font-size:14px\" ><\/i>\t\t<\/div>\n\t<\/div>\n\t<p class=\"qodef-icon-list-text\"  > Zawansowane sterowanie ogrzewaniem<\/p>\n<\/div><div class=\"qodef-icon-list-item\">\n\t<div class=\"qodef-icon-list-icon-holder\">\n        <div class=\"qodef-icon-list-icon-holder-inner clearfix\">\n\t\t\t<i class=\"qodef-icon-font-awesome fa fa-check-circle \" style=\"font-size:14px\" ><\/i>\t\t<\/div>\n\t<\/div>\n\t<p class=\"qodef-icon-list-text\"  > Sterowanie roletami i \u017caluzjami<\/p>\n<\/div><div class=\"qodef-icon-list-item\">\n\t<div class=\"qodef-icon-list-icon-holder\">\n        <div class=\"qodef-icon-list-icon-holder-inner clearfix\">\n\t\t\t<i class=\"qodef-icon-font-awesome fa fa-check-circle \" style=\"font-size:14px\" ><\/i>\t\t<\/div>\n\t<\/div>\n\t<p class=\"qodef-icon-list-text\"  > Zaawansowana logika sterowania budynkiem<\/p>\n<\/div><div class=\"qodef-icon-list-item\">\n\t<div class=\"qodef-icon-list-icon-holder\">\n        <div class=\"qodef-icon-list-icon-holder-inner clearfix\">\n\t\t\t<i class=\"qodef-icon-font-awesome fa fa-check-circle \" style=\"font-size:14px\" ><\/i>\t\t<\/div>\n\t<\/div>\n\t<p class=\"qodef-icon-list-text\"  > Aplikacja mobilna<\/p>\n<\/div><div class=\"qodef-icon-list-item\">\n\t<div class=\"qodef-icon-list-icon-holder\">\n        <div class=\"qodef-icon-list-icon-holder-inner clearfix\">\n\t\t\t<i class=\"qodef-icon-font-awesome fa fa-check-circle \" style=\"font-size:14px\" ><\/i>\t\t<\/div>\n\t<\/div>\n\t<p class=\"qodef-icon-list-text\"  > Integracja sterowania wentylacj\u0105<\/p>\n<\/div><div class=\"qodef-icon-list-item\">\n\t<div class=\"qodef-icon-list-icon-holder\">\n        <div class=\"qodef-icon-list-icon-holder-inner clearfix\">\n\t\t\t<i class=\"qodef-icon-font-awesome fa fa-check-circle \" style=\"font-size:14px\" ><\/i>\t\t<\/div>\n\t<\/div>\n\t<p class=\"qodef-icon-list-text\"  > Integracja sterowania klimatyzacj\u0105<\/p>\n<\/div><div class=\"qodef-icon-list-item\">\n\t<div class=\"qodef-icon-list-icon-holder\">\n        <div class=\"qodef-icon-list-icon-holder-inner clearfix\">\n\t\t\t<i class=\"qodef-icon-font-awesome fa fa-check-circle \" style=\"font-size:14px\" ><\/i>\t\t<\/div>\n\t<\/div>\n\t<p class=\"qodef-icon-list-text\"  > Stacja pogodowa<\/p>\n<\/div><div class=\"qodef-icon-list-item\">\n\t<div class=\"qodef-icon-list-icon-holder\">\n        <div class=\"qodef-icon-list-icon-holder-inner clearfix\">\n\t\t\t<i class=\"qodef-icon-font-awesome fa fa-check-circle \" style=\"font-size:14px\" ><\/i>\t\t<\/div>\n\t<\/div>\n\t<p class=\"qodef-icon-list-text\"  > Audioserver + strefy audio<\/p>\n<\/div><div class=\"qodef-icon-list-item\">\n\t<div class=\"qodef-icon-list-icon-holder\">\n        <div class=\"qodef-icon-list-icon-holder-inner clearfix\">\n\t\t\t<i class=\"qodef-icon-font-awesome fa fa-check-circle \" style=\"font-size:14px\" ><\/i>\t\t<\/div>\n\t<\/div>\n\t<p class=\"qodef-icon-list-text\"  > Sterowanie kinem domowym<\/p>\n<\/div><div class=\"qodef-icon-list-item\">\n\t<div class=\"qodef-icon-list-icon-holder\">\n        <div class=\"qodef-icon-list-icon-holder-inner clearfix\">\n\t\t\t<i class=\"qodef-icon-font-awesome fa fa-check-circle \" style=\"font-size:14px\" ><\/i>\t\t<\/div>\n\t<\/div>\n\t<p class=\"qodef-icon-list-text\"  > Sterowanie kinem domowym<\/p>\n<\/div><div class=\"qodef-icon-list-item\">\n\t<div class=\"qodef-icon-list-icon-holder\">\n        <div class=\"qodef-icon-list-icon-holder-inner clearfix\">\n\t\t\t<i class=\"qodef-icon-font-awesome fa fa-check-circle \" style=\"font-size:14px\" ><\/i>\t\t<\/div>\n\t<\/div>\n\t<p class=\"qodef-icon-list-text\"  > Powiadomienia SMS<\/p>\n<\/div><div class=\"qodef-icon-list-item\">\n\t<div class=\"qodef-icon-list-icon-holder\">\n        <div class=\"qodef-icon-list-icon-holder-inner clearfix\">\n\t\t\t<i class=\"qodef-icon-font-awesome fa fa-check-circle \" style=\"font-size:14px\" ><\/i>\t\t<\/div>\n\t<\/div>\n\t<p class=\"qodef-icon-list-text\"  > Integracja z systemami KNX, DALI, DMX<\/p>\n<\/div><div class=\"qodef-icon-list-item\">\n\t<div class=\"qodef-icon-list-icon-holder\">\n        <div class=\"qodef-icon-list-icon-holder-inner clearfix\">\n\t\t\t<i class=\"qodef-icon-font-awesome fa fa-check-circle \" style=\"font-size:14px\" ><\/i>\t\t<\/div>\n\t<\/div>\n\t<p class=\"qodef-icon-list-text\"  > Sterowanie basenem wewn\u0119trznym\/zewn\u0119trznym<\/p>\n<\/div><div class=\"qodef-icon-list-item\">\n\t<div class=\"qodef-icon-list-icon-holder\">\n        <div class=\"qodef-icon-list-icon-holder-inner clearfix\">\n\t\t\t<i class=\"qodef-icon-font-awesome fa fa-check-circle \" style=\"font-size:14px\" ><\/i>\t\t<\/div>\n\t<\/div>\n\t<p class=\"qodef-icon-list-text\"  > Zarz\u0105dzanie sauna\/spa<\/p>\n<\/div>[vc_empty_space height=&#8221;40px&#8221;][\/vc_column][\/vc_row]<\/p>\n","protected":false},"excerpt":{"rendered":"<p>[vc_row content_width=&#8221;grid&#8221; header_style=&#8221;qodef-light-header&#8221;][vc_column css=&#8221;.vc_custom_1674668132969{padding-top: 20px !important;}&#8221;][vc_column_text css_animation=&#8221;none&#8221;]System Smart Home jest po\u0142\u0105czeniem odpowiednio wykonanej instalacji elektrycznej budynku z pe\u0142ni skomputeryzowanym, zaprogramowanym systemem&#8230;<\/p>\n","protected":false},"author":1,"featured_media":0,"parent":0,"menu_order":0,"comment_status":"closed","ping_status":"closed","template":"full-width.php","meta":{"footnotes":""},"class_list":["post-1312","page","type-page","status-publish","hentry"],"_links":{"self":[{"href":"https:\/\/smarthomerzeszow.pl\/index.php?rest_route=\/wp\/v2\/pages\/1312","targetHints":{"allow":["GET"]}}],"collection":[{"href":"https:\/\/smarthomerzeszow.pl\/index.php?rest_route=\/wp\/v2\/pages"}],"about":[{"href":"https:\/\/smarthomerzeszow.pl\/index.php?rest_route=\/wp\/v2\/types\/page"}],"author":[{"embeddable":true,"href":"https:\/\/smarthomerzeszow.pl\/index.php?rest_route=\/wp\/v2\/users\/1"}],"replies":[{"embeddable":true,"href":"https:\/\/smarthomerzeszow.pl\/index.php?rest_route=%2Fwp%2Fv2%2Fcomments&post=1312"}],"version-history":[{"count":44,"href":"https:\/\/smarthomerzeszow.pl\/index.php?rest_route=\/wp\/v2\/pages\/1312\/revisions"}],"predecessor-version":[{"id":8148,"href":"https:\/\/smarthomerzeszow.pl\/index.php?rest_route=\/wp\/v2\/pages\/1312\/revisions\/8148"}],"wp:attachment":[{"href":"https:\/\/smarthomerzeszow.pl\/index.php?rest_route=%2Fwp%2Fv2%2Fmedia&parent=1312"}],"curies":[{"name":"wp","href":"https:\/\/api.w.org\/{rel}","templated":true}]}}